{"id":1872,"date":"2024-07-08T09:03:30","date_gmt":"2024-07-08T13:03:30","guid":{"rendered":"https:\/\/dumak.ca\/contact\/"},"modified":"2025-11-12T13:40:44","modified_gmt":"2025-11-12T17:40:44","slug":"emballage-industriel-b2b","status":"publish","type":"page","link":"https:\/\/dumak.ca\/fr\/emballage-industriel-b2b\/","title":{"rendered":"Contact"},"content":{"rendered":"<p>Que vous sachiez exactement ce dont vous avez besoin ou que vous ayez besoin de conseils d&rsquo;experts pour choisir la bonne solution d&#8217;emballage industriel B2B, notre \u00e9quipe est l\u00e0 pour vous aider. Des mat\u00e9riaux de haute qualit\u00e9 aux recommandations sur mesure, nous avons ce qu&rsquo;il vous faut. Des questions ? Appelez-nous au <strong>1-844-933-8625<\/strong> !<\/p>\r\n\r\n<p>&nbsp;<\/p>\r\n","protected":false},"excerpt":{"rendered":"<p>Que vous sachiez exactement ce dont vous avez besoin ou que vous ayez besoin de conseils d&rsquo;experts pour choisir la bonne solution d&#8217;emballage industriel B2B, notre \u00e9quipe est l\u00e0 pour vous aider. Des mat\u00e9riaux de haute qualit\u00e9 aux recommandations sur mesure, nous avons ce qu&rsquo;il vous faut. Des questions ? Appelez-nous au 1-844-933-8625 ! &nbsp;<\/p>\n","protected":false},"author":1,"featured_media":0,"parent":0,"menu_order":0,"comment_status":"closed","ping_status":"closed","template":"contact-template.php","meta":{"_acf_changed":false,"footnotes":""},"class_list":["post-1872","page","type-page","status-publish","hentry"],"acf":[],"_links":{"self":[{"href":"https:\/\/dumak.ca\/fr\/wp-json\/wp\/v2\/pages\/1872","targetHints":{"allow":["GET"]}}],"collection":[{"href":"https:\/\/dumak.ca\/fr\/wp-json\/wp\/v2\/pages"}],"about":[{"href":"https:\/\/dumak.ca\/fr\/wp-json\/wp\/v2\/types\/page"}],"author":[{"embeddable":true,"href":"https:\/\/dumak.ca\/fr\/wp-json\/wp\/v2\/users\/1"}],"replies":[{"embeddable":true,"href":"https:\/\/dumak.ca\/fr\/wp-json\/wp\/v2\/comments?post=1872"}],"version-history":[{"count":16,"href":"https:\/\/dumak.ca\/fr\/wp-json\/wp\/v2\/pages\/1872\/revisions"}],"predecessor-version":[{"id":4166,"href":"https:\/\/dumak.ca\/fr\/wp-json\/wp\/v2\/pages\/1872\/revisions\/4166"}],"wp:attachment":[{"href":"https:\/\/dumak.ca\/fr\/wp-json\/wp\/v2\/media?parent=1872"}],"curies":[{"name":"wp","href":"https:\/\/api.w.org\/{rel}","templated":true}]}}