{"id":1864,"date":"2024-07-11T05:58:01","date_gmt":"2024-07-11T09:58:01","guid":{"rendered":"https:\/\/dumak.ca\/cookies-policy\/"},"modified":"2025-07-14T11:04:26","modified_gmt":"2025-07-14T15:04:26","slug":"politique-cookies","status":"publish","type":"page","link":"https:\/\/dumak.ca\/fr\/politique-cookies\/","title":{"rendered":"Politique de cookies"},"content":{"rendered":"\r\n<h5 class=\"wp-block-heading\"><strong>INTRODUCTION<\/strong><\/h5>\r\n\r\n\r\n\r\n<p>Cette politique en mati\u00e8re de cookies explique ce que sont les cookies, comment nous les utilisons et vos choix concernant leur utilisation sur notre site Web.<\/p>\r\n\r\n\r\n\r\n<h5 class=\"wp-block-heading\"><strong>QUE SONT LES COOKIES\u00a0?<\/strong><\/h5>\r\n\r\n\r\n\r\n<p>Les cookies sont de petits \u00e9l\u00e9ments de donn\u00e9es stock\u00e9s sur votre appareil (ordinateur ou appareil mobile) lorsque vous visitez un site Web. Ils sont largement utilis\u00e9s pour rendre les sites Web plus efficaces et offrir une meilleure exp\u00e9rience utilisateur, ainsi que pour fournir des informations aux propri\u00e9taires de sites Web.<\/p>\r\n\r\n\r\n\r\n<h5 class=\"wp-block-heading\"><strong>COMMENT UTILISONS-NOUS LES COOKIES\u00a0?<\/strong><\/h5>\r\n\r\n\r\n\r\n<p>Nous utilisons des cookies \u00e0 plusieurs fins, notamment, mais sans s&rsquo;y limiter\u00a0:<\/p>\r\n\r\n\r\n\r\n<ul class=\"wp-block-list\">\r\n<li>Cookies essentiels\u00a0: ces cookies sont n\u00e9cessaires au bon fonctionnement du site Web. Ils permettent des fonctions de base telles que la navigation dans les pages et l&rsquo;acc\u00e8s aux zones s\u00e9curis\u00e9es du site Web. Le site Web ne peut pas fonctionner correctement sans ces cookies.<\/li>\r\n\r\n\r\n\r\n<li>Cookies d&rsquo;analyse\u00a0: ces cookies nous permettent d&rsquo;analyser la fa\u00e7on dont les visiteurs utilisent notre site Web, ce qui nous aide \u00e0 am\u00e9liorer ses performances et son exp\u00e9rience utilisateur. Nous utilisons des services tels que Google Analytics pour recueillir des informations sur le trafic du site Web et les mod\u00e8les d&rsquo;utilisation.<\/li>\r\n\r\n\r\n\r\n<li>Cookies de marketing\u00a0: ces cookies sont utilis\u00e9s pour suivre les visiteurs sur les sites Web. L&rsquo;objectif est d&rsquo;afficher des annonces pertinentes et attrayantes pour l&rsquo;utilisateur individuel et donc plus int\u00e9ressantes pour les \u00e9diteurs et les annonceurs tiers.<\/li>\r\n<\/ul>\r\n\r\n\r\n\r\n<h5 class=\"wp-block-heading\"><strong>VOS CHOIX CONCERNANT LES COOKIES<\/strong><\/h5>\r\n\r\n\r\n\r\n<p>Vous pouvez choisir d&rsquo;accepter ou de refuser les cookies. La plupart des navigateurs Web acceptent automatiquement les cookies, mais vous pouvez g\u00e9n\u00e9ralement modifier les param\u00e8tres de votre navigateur pour refuser les cookies si vous pr\u00e9f\u00e9rez. Cependant, veuillez noter que le blocage des cookies peut affecter votre exp\u00e9rience sur le site Web.<\/p>\r\n\r\n\r\n\r\n<h5 class=\"wp-block-heading\"><strong>COOKIES TIERS<\/strong><\/h5>\r\n\r\n\r\n\r\n<p>Nous pouvons \u00e9galement utiliser des cookies tiers fournis par des partenaires de confiance \u00e0 des fins d&rsquo;analyse, de marketing et \u00e0 d&rsquo;autres fins. Ces cookies peuvent suivre votre activit\u00e9 de navigation sur diff\u00e9rents sites Web. Veuillez vous r\u00e9f\u00e9rer aux politiques de confidentialit\u00e9 respectives de ces tiers pour plus d&rsquo;informations sur la mani\u00e8re dont ils utilisent les cookies.<\/p>\r\n\r\n\r\n\r\n<h5 class=\"wp-block-heading\"><strong>MODIFICATIONS DE CETTE POLITIQUE DE COOKIES<\/strong><\/h5>\r\n\r\n\r\n\r\n<p>Nous pouvons mettre \u00e0 jour notre politique en mati\u00e8re de cookies de temps \u00e0 autre. Tout changement sera publi\u00e9 sur cette page avec la date mise \u00e0 jour. Nous vous encourageons \u00e0 consulter cette politique p\u00e9riodiquement pour toute mise \u00e0 jour.<\/p>\r\n\r\n\r\n\r\n<h5 class=\"wp-block-heading\"><strong>CONTACTEZ-NOUS<\/strong><\/h5>\r\n\r\n\r\n\r\n<h5 class=\"wp-block-heading\"><strong>Si vous avez des questions sur notre politique en mati\u00e8re de cookies, veuillez nous contacter \u00e0 info@dumak.ca<\/strong><\/h5>\r\n<p class=\"wp-block-heading\">Derni\u00e8re r\u00e9vision de la politique le 30 juin 2025.<\/p>\r\n","protected":false},"excerpt":{"rendered":"<p>INTRODUCTION Cette politique en mati\u00e8re de cookies explique ce que sont les cookies, comment nous les utilisons et vos choix concernant leur utilisation sur notre site Web. QUE SONT LES COOKIES\u00a0? COMMENT UTILISONS-NOUS LES COOKIES\u00a0? Nous utilisons des cookies \u00e0 plusieurs fins, notamment, mais sans s&rsquo;y limiter\u00a0: VOS CHOIX CONCERNANT LES COOKIES Vous pouvez choisir [&hellip;]<\/p>\n","protected":false},"author":1,"featured_media":243,"parent":0,"menu_order":0,"comment_status":"closed","ping_status":"closed","template":"","meta":{"_acf_changed":false,"footnotes":""},"class_list":["post-1864","page","type-page","status-publish","has-post-thumbnail","hentry"],"acf":[],"_links":{"self":[{"href":"https:\/\/dumak.ca\/fr\/wp-json\/wp\/v2\/pages\/1864","targetHints":{"allow":["GET"]}}],"collection":[{"href":"https:\/\/dumak.ca\/fr\/wp-json\/wp\/v2\/pages"}],"about":[{"href":"https:\/\/dumak.ca\/fr\/wp-json\/wp\/v2\/types\/page"}],"author":[{"embeddable":true,"href":"https:\/\/dumak.ca\/fr\/wp-json\/wp\/v2\/users\/1"}],"replies":[{"embeddable":true,"href":"https:\/\/dumak.ca\/fr\/wp-json\/wp\/v2\/comments?post=1864"}],"version-history":[{"count":5,"href":"https:\/\/dumak.ca\/fr\/wp-json\/wp\/v2\/pages\/1864\/revisions"}],"predecessor-version":[{"id":3955,"href":"https:\/\/dumak.ca\/fr\/wp-json\/wp\/v2\/pages\/1864\/revisions\/3955"}],"wp:featuredmedia":[{"embeddable":true,"href":"https:\/\/dumak.ca\/fr\/wp-json\/wp\/v2\/media\/243"}],"wp:attachment":[{"href":"https:\/\/dumak.ca\/fr\/wp-json\/wp\/v2\/media?parent=1864"}],"curies":[{"name":"wp","href":"https:\/\/api.w.org\/{rel}","templated":true}]}}