{"id":1863,"date":"2024-07-11T05:59:01","date_gmt":"2024-07-11T09:59:01","guid":{"rendered":"https:\/\/dumak.ca\/terms-and-conditions\/"},"modified":"2025-07-14T12:14:30","modified_gmt":"2025-07-14T16:14:30","slug":"termes-conditions","status":"publish","type":"page","link":"https:\/\/dumak.ca\/fr\/termes-conditions\/","title":{"rendered":"Termes et conditions"},"content":{"rendered":"\r\n<p>Derni\u00e8re mise \u00e0 jour le 30 juin 2025<\/p>\r\n\r\n\r\n\r\n<p>Ces conditions et amp; Les conditions (\u00ab Conditions \u00bb) r\u00e9gissent votre utilisation de ce site Web (le \u00ab Site \u00bb) exploit\u00e9 par DUMAK (\u00ab nous \u00bb, \u00ab notre \u00bb ou \u00ab notre \u00bb). Veuillez lire attentivement ces conditions avant d\u2019acc\u00e9der ou d\u2019utiliser le site. En acc\u00e9dant ou en utilisant le Site, vous acceptez d&rsquo;\u00eatre li\u00e9 par ces Conditions. Si vous n&rsquo;\u00eates pas d&rsquo;accord avec une partie des Conditions, vous ne pouvez pas acc\u00e9der au Site.<\/p>\r\n\r\n\r\n\r\n<h5 class=\"wp-block-heading\"><strong>1. DROITS DE PROPRI\u00c9T\u00c9 INTELLECTUELLE<\/strong><\/h5>\r\n\r\n\r\n\r\n<p>Le site et son contenu, ses caract\u00e9ristiques et ses fonctionnalit\u00e9s d&rsquo;origine sont la propri\u00e9t\u00e9 de DUMAK et sont prot\u00e9g\u00e9s par les lois internationales sur le droit d&rsquo;auteur, les marques, les brevets, les secrets commerciaux et d&rsquo;autres lois sur la propri\u00e9t\u00e9 intellectuelle ou les droits de propri\u00e9t\u00e9.<\/p>\r\n\r\n\r\n\r\n<h5 class=\"wp-block-heading\"><strong>2. LICENCE D&rsquo;UTILISATION<\/strong><\/h5>\r\n\r\n\r\n\r\n<p>L&rsquo;autorisation est accord\u00e9e de t\u00e9l\u00e9charger temporairement une copie du mat\u00e9riel (informations ou logiciels) sur le site pour une visualisation transitoire personnelle et non commerciale uniquement. Il s&rsquo;agit de l&rsquo;octroi d&rsquo;une licence, et non d&rsquo;un transfert de titre, et en vertu de cette licence, vous ne pouvez pas\u00a0:<\/p>\r\n\r\n\r\n\r\n<ul>\r\n<li>modifier ou copier les documents\u00a0;<\/li>\r\n\r\n\r\n\r\n<li>utiliser les documents \u00e0 des fins commerciales ou pour toute exposition publique (commerciale ou non commerciale)\u00a0;<\/li>\r\n\r\n\r\n\r\n<li>tenter de d\u00e9compiler ou d&rsquo;effectuer une ing\u00e9nierie inverse sur tout logiciel contenu sur le site\u00a0;<\/li>\r\n\r\n\r\n\r\n<li>supprimer toute mention de droit d&rsquo;auteur ou toute autre mention de propri\u00e9t\u00e9 des documents\u00a0; ou<\/li>\r\n\r\n\r\n\r\n<li>transf\u00e9rer les documents \u00e0 une autre personne ou \u00ab mettre en miroir \u00bb les documents sur tout autre serveur.<\/li>\r\n<\/ul>\r\n\r\n\r\n\r\n<p>Cette licence prendra fin automatiquement si vous violez l&rsquo;une de ces restrictions et peut \u00eatre r\u00e9sili\u00e9e par DUMAK \u00e0 tout moment. \u00c0 la fin de votre visualisation de ces documents ou \u00e0 la r\u00e9siliation de cette licence, vous devez d\u00e9truire tout mat\u00e9riel t\u00e9l\u00e9charg\u00e9 en votre possession, qu&rsquo;il soit au format \u00e9lectronique ou imprim\u00e9.<\/p>\r\n\r\n\r\n\r\n<h5 class=\"wp-block-heading\"><strong>3. AVIS DE NON-RESPONSABILIT\u00c9<\/strong><\/h5>\r\n\r\n\r\n\r\n<p>Les \u00e9l\u00e9ments du site sont fournis \u00ab\u00a0tels quels\u00a0\u00bb. DUMAK ne donne aucune garantie, expresse ou implicite, et d\u00e9cline et annule par la pr\u00e9sente toutes les autres garanties, y compris, sans limitation, les garanties ou conditions implicites de qualit\u00e9 marchande, d&rsquo;ad\u00e9quation \u00e0 un usage particulier, ou de non-violation de la propri\u00e9t\u00e9 intellectuelle ou autre violation des droits. De plus, DUMAK ne garantit ni ne fait aucune d\u00e9claration concernant l&rsquo;exactitude, les r\u00e9sultats probables ou la fiabilit\u00e9 de l&rsquo;utilisation des \u00e9l\u00e9ments du site ou autrement li\u00e9s \u00e0 ces \u00e9l\u00e9ments ou sur tout site li\u00e9 \u00e0 ce site.<\/p>\r\n\r\n\r\n\r\n<h5 class=\"wp-block-heading\"><strong>4. LIMITES<\/strong><\/h5>\r\n\r\n\r\n\r\n<p>En aucun cas DUMAK ou ses fournisseurs ne pourront \u00eatre tenus responsables de tout dommage (y compris, sans limitation, les dommages dus \u00e0 une perte de donn\u00e9es ou de profit, ou \u00e0 une interruption d&rsquo;activit\u00e9) d\u00e9coulant de l&rsquo;utilisation ou de l&rsquo;impossibilit\u00e9 d&rsquo;utiliser les \u00e9l\u00e9ments du site. , m\u00eame si DUMAK ou un repr\u00e9sentant autoris\u00e9 DUMAK a \u00e9t\u00e9 inform\u00e9 oralement ou par \u00e9crit de la possibilit\u00e9 de tels dommages. \u00c9tant donn\u00e9 que certaines juridictions n&rsquo;autorisent pas les limitations des garanties implicites ou les limitations de responsabilit\u00e9 pour les dommages cons\u00e9cutifs ou accessoires, ces limitations peuvent ne pas s&rsquo;appliquer \u00e0 vous.<\/p>\r\n\r\n\r\n\r\n<h5 class=\"wp-block-heading\"><strong>5. R\u00c9VISIONS ET ERRATA<\/strong><\/h5>\r\n\r\n\r\n\r\n<p>Les \u00e9l\u00e9ments apparaissant sur le site peuvent contenir des erreurs techniques, typographiques ou photographiques. DUMAK ne garantit pas que les \u00e9l\u00e9ments du site soient exacts, complets ou \u00e0 jour. DUMAK peut apporter des modifications aux \u00e9l\u00e9ments contenus sur le Site \u00e0 tout moment et sans pr\u00e9avis. DUMAK ne s&rsquo;engage cependant pas \u00e0 mettre \u00e0 jour les documents.<\/p>\r\n\r\n\r\n\r\n<h5 class=\"wp-block-heading\"><strong>6. LIENS<\/strong><\/h5>\r\n\r\n\r\n\r\n<p>DUMAK n&rsquo;a pas examin\u00e9 tous les sites li\u00e9s au Site et n&rsquo;est pas responsable du contenu de ces sites li\u00e9s. L&rsquo;inclusion de tout lien n&rsquo;implique pas l&rsquo;approbation par DUMAK du site. L&rsquo;utilisation de ces sites Web li\u00e9s se fait aux propres risques de l&rsquo;utilisateur.<\/p>\r\n\r\n\r\n\r\n<h5 class=\"wp-block-heading\"><strong>7. MODIFICATIONS DES CONDITIONS D&rsquo;UTILISATION DU SITE<\/strong><\/h5>\r\n\r\n\r\n\r\n<p>DUMAK peut r\u00e9viser les pr\u00e9sentes conditions d&rsquo;utilisation du site \u00e0 tout moment et sans pr\u00e9avis. En utilisant le site, vous acceptez d&rsquo;\u00eatre li\u00e9 par la version alors en vigueur de ces conditions g\u00e9n\u00e9rales d&rsquo;utilisation.<\/p>\r\n\r\n\r\n\r\n<h5 class=\"wp-block-heading\"><strong>8. LOI APPLICABLE<\/strong><\/h5>\r\n\r\n\r\n\r\n<p>Toute r\u00e9clamation relative au site sera r\u00e9gie par les lois du Canada sans \u00e9gard \u00e0 ses dispositions en mati\u00e8re de conflit de lois.<\/p>\r\n\r\n\r\n\r\n<h5 class=\"wp-block-heading\"><strong>9. INFORMATIONS DE CONTACT<\/strong><\/h5>\r\n\r\n\r\n\r\n<p>Si vous avez des questions concernant ces conditions, veuillez nous contacter \u00e0 <strong>info@dumak.ca.<\/strong><\/p>\r\n","protected":false},"excerpt":{"rendered":"<p>Derni\u00e8re mise \u00e0 jour le 30 juin 2025 Ces conditions et amp; Les conditions (\u00ab Conditions \u00bb) r\u00e9gissent votre utilisation de ce site Web (le \u00ab Site \u00bb) exploit\u00e9 par DUMAK (\u00ab nous \u00bb, \u00ab notre \u00bb ou \u00ab notre \u00bb). Veuillez lire attentivement ces conditions avant d\u2019acc\u00e9der ou d\u2019utiliser le site. En acc\u00e9dant ou [&hellip;]<\/p>\n","protected":false},"author":1,"featured_media":243,"parent":0,"menu_order":0,"comment_status":"closed","ping_status":"closed","template":"","meta":{"_acf_changed":false,"footnotes":""},"class_list":["post-1863","page","type-page","status-publish","has-post-thumbnail","hentry"],"acf":[],"_links":{"self":[{"href":"https:\/\/dumak.ca\/fr\/wp-json\/wp\/v2\/pages\/1863","targetHints":{"allow":["GET"]}}],"collection":[{"href":"https:\/\/dumak.ca\/fr\/wp-json\/wp\/v2\/pages"}],"about":[{"href":"https:\/\/dumak.ca\/fr\/wp-json\/wp\/v2\/types\/page"}],"author":[{"embeddable":true,"href":"https:\/\/dumak.ca\/fr\/wp-json\/wp\/v2\/users\/1"}],"replies":[{"embeddable":true,"href":"https:\/\/dumak.ca\/fr\/wp-json\/wp\/v2\/comments?post=1863"}],"version-history":[{"count":4,"href":"https:\/\/dumak.ca\/fr\/wp-json\/wp\/v2\/pages\/1863\/revisions"}],"predecessor-version":[{"id":3958,"href":"https:\/\/dumak.ca\/fr\/wp-json\/wp\/v2\/pages\/1863\/revisions\/3958"}],"wp:featuredmedia":[{"embeddable":true,"href":"https:\/\/dumak.ca\/fr\/wp-json\/wp\/v2\/media\/243"}],"wp:attachment":[{"href":"https:\/\/dumak.ca\/fr\/wp-json\/wp\/v2\/media?parent=1863"}],"curies":[{"name":"wp","href":"https:\/\/api.w.org\/{rel}","templated":true}]}}